{"id":239,"date":"2015-08-26T15:04:57","date_gmt":"2015-08-26T13:04:57","guid":{"rendered":"http:\/\/www.asiacapita.com\/?page_id=239"},"modified":"2015-12-21T16:01:04","modified_gmt":"2015-12-21T15:01:04","slug":"about-us","status":"publish","type":"page","link":"https:\/\/www.asiacapita-invest.com\/fr\/about-us\/","title":{"rendered":"\u00c0 propos"},"content":{"rendered":"<p><\/p>\n<h3 style=\"text-align: justify;\">Notre vision<\/h3>\n<p>Nous voulons fournir \u00e0 nos clients les meilleurs conseils pour leurs investissements immobiliers, et trouver avec eux les projets qui correspondent le mieux \u00e0 leurs besoins pour les aider \u00e0 les realiser.<\/p>\n<p>Mettre en place une structure de conseil et d\u2019accompagnement en investissement immobilier \u00e9tait pour nous la meilleure solution de partager nos connaissances professionelles et nos succ\u00e8s personnels.<\/p>\n<hr \/>\n<h3 style=\"text-align: justify;\">Qui sommes-nous ?<\/h3>\n<p>Nous sommes des entrepreneurs avec des experiences professionelles en Asie Pacifique ainsi qu\u2019en Europe dans le secteur bancaire, immobilier, de la construction ainsi que dans le d\u00e9veloppement de soci\u00e9t\u00e9s.<\/p>\n<hr \/>\n<h3 style=\"text-align: justify;\">Nos valeurs<\/h3>\n<p>Nous travaillons dans l\u2019int\u00e9r\u00eat de nos clients, et nous appuyons sur le bouche \u00e0 oreille pour garantir une satisfaction totale. Gr\u00e2ce aux \u201c family offices\u201d avec lesquels nous travaillons et nos partenaires nous pouvons s\u00e9lectioner les meilleurs produits et recherchons toujours la meilleure qualit\u00e9.<\/p>","protected":false},"excerpt":{"rendered":"<p>Notre vision Nous voulons fournir \u00e0 nos clients les meilleurs conseils pour leurs investissements immobiliers, et trouver avec eux les projets qui correspondent le mieux \u00e0 leurs besoins pour les aider \u00e0 les realiser. Mettre en place une structure de conseil et d\u2019accompagnement en investissement immobilier \u00e9tait pour nous la meilleure solution de partager nos connaissances professionelles et nos succ\u00e8s personnels. Qui sommes-nous ? Nous sommes des entrepreneurs avec des experiences professionelles en Asie Pacifique ainsi qu\u2019en Europe dans le secteur bancaire, immobilier, de la construction ainsi que dans le d\u00e9veloppement de soci\u00e9t\u00e9s. Nos valeurs Nous travaillons dans l\u2019int\u00e9r\u00eat de nos clients, et nous appuyons sur le bouche \u00e0 oreille pour garantir une satisfaction totale. Gr\u00e2ce aux \u201c family offices\u201d avec lesquels nous travaillons et nos partenaires nous pouvons s\u00e9lectioner les meilleurs produits et recherchons toujours la meilleure qualit\u00e9.<\/p>\n","protected":false},"author":1,"featured_media":336,"parent":0,"menu_order":1,"comment_status":"closed","ping_status":"closed","template":"page-fullwidth.php","meta":{"footnotes":""},"class_list":["post-239","page","type-page","status-publish","has-post-thumbnail","hentry"],"_links":{"self":[{"href":"https:\/\/www.asiacapita-invest.com\/fr\/wp-json\/wp\/v2\/pages\/239","targetHints":{"allow":["GET"]}}],"collection":[{"href":"https:\/\/www.asiacapita-invest.com\/fr\/wp-json\/wp\/v2\/pages"}],"about":[{"href":"https:\/\/www.asiacapita-invest.com\/fr\/wp-json\/wp\/v2\/types\/page"}],"author":[{"embeddable":true,"href":"https:\/\/www.asiacapita-invest.com\/fr\/wp-json\/wp\/v2\/users\/1"}],"replies":[{"embeddable":true,"href":"https:\/\/www.asiacapita-invest.com\/fr\/wp-json\/wp\/v2\/comments?post=239"}],"version-history":[{"count":7,"href":"https:\/\/www.asiacapita-invest.com\/fr\/wp-json\/wp\/v2\/pages\/239\/revisions"}],"predecessor-version":[{"id":339,"href":"https:\/\/www.asiacapita-invest.com\/fr\/wp-json\/wp\/v2\/pages\/239\/revisions\/339"}],"wp:featuredmedia":[{"embeddable":true,"href":"https:\/\/www.asiacapita-invest.com\/fr\/wp-json\/wp\/v2\/media\/336"}],"wp:attachment":[{"href":"https:\/\/www.asiacapita-invest.com\/fr\/wp-json\/wp\/v2\/media?parent=239"}],"curies":[{"name":"wp","href":"https:\/\/api.w.org\/{rel}","templated":true}]}}