{"id":177,"date":"2015-08-18T12:05:23","date_gmt":"2015-08-18T10:05:23","guid":{"rendered":"http:\/\/www.asiacapita.com\/?page_id=177"},"modified":"2015-12-15T15:18:29","modified_gmt":"2015-12-15T14:18:29","slug":"history","status":"publish","type":"page","link":"https:\/\/www.asiacapita-invest.com\/fr\/the-french-riviera-market-is-international\/history\/","title":{"rendered":"Historique"},"content":{"rendered":"<p style=\"text-align: justify;\">Les Alpes-Maritimes restent cependant largement en t\u00eate pour le nombre de r\u00e9sidences secondaires \u00e9trang\u00e8res (16% du total national), loin devant le Var, la Haute Savoie et m\u00eame Paris.<\/p>\n<p style=\"text-align: justify;\">La croissance du parc de r\u00e9sidences secondaires a surtout eu lieu entre 1970 et 1990, mais la dynamique s&rsquo;est poursuivie jusqu&rsquo;en 2009. En 2011, les Alpes-Maritimes et Monaco comptent un total de 748 000 logements, parmi lesquels plus de 22%, soit 167 000 sont des r\u00e9sidences secondaires. 25% sont des maisons.<\/p>\n<p style=\"text-align: justify;\">En 2011, la part des Alpes-Maritimes sur le total des r\u00e9sidences secondaires en France s&rsquo;\u00e9l\u00e8ve \u00e0 4,5%, et \u00e0 35% du total PACA. Toutefois, selon la DG des Finances Publiques, les r\u00e9sidences secondaires (s&rsquo;acquittant des taxes) s&rsquo;\u00e9l\u00e8vent \u00e0 150 991 en 2013.<\/p>\n","protected":false},"excerpt":{"rendered":"<p>Les Alpes-Maritimes restent cependant largement en t\u00eate pour le nombre de r\u00e9sidences secondaires \u00e9trang\u00e8res (16% du total national), loin devant le Var, la Haute Savoie et m\u00eame Paris. La croissance du parc de r\u00e9sidences secondaires a surtout eu lieu entre 1970 et 1990, mais la dynamique s&rsquo;est poursuivie jusqu&rsquo;en 2009. En 2011, les Alpes-Maritimes et Monaco comptent un total de 748 000 logements, parmi lesquels plus de 22%, soit 167 000 sont des r\u00e9sidences secondaires. 25% sont des maisons. En 2011, la part des Alpes-Maritimes sur le total des r\u00e9sidences secondaires en France s&rsquo;\u00e9l\u00e8ve \u00e0 4,5%, et \u00e0 35% du total PACA. Toutefois, selon la DG des Finances Publiques, les r\u00e9sidences secondaires (s&rsquo;acquittant des taxes) s&rsquo;\u00e9l\u00e8vent \u00e0 150 991 en 2013.<\/p>\n","protected":false},"author":1,"featured_media":92,"parent":135,"menu_order":0,"comment_status":"closed","ping_status":"closed","template":"page-fullwidth.php","meta":{"footnotes":""},"class_list":["post-177","page","type-page","status-publish","has-post-thumbnail","hentry"],"_links":{"self":[{"href":"https:\/\/www.asiacapita-invest.com\/fr\/wp-json\/wp\/v2\/pages\/177","targetHints":{"allow":["GET"]}}],"collection":[{"href":"https:\/\/www.asiacapita-invest.com\/fr\/wp-json\/wp\/v2\/pages"}],"about":[{"href":"https:\/\/www.asiacapita-invest.com\/fr\/wp-json\/wp\/v2\/types\/page"}],"author":[{"embeddable":true,"href":"https:\/\/www.asiacapita-invest.com\/fr\/wp-json\/wp\/v2\/users\/1"}],"replies":[{"embeddable":true,"href":"https:\/\/www.asiacapita-invest.com\/fr\/wp-json\/wp\/v2\/comments?post=177"}],"version-history":[{"count":4,"href":"https:\/\/www.asiacapita-invest.com\/fr\/wp-json\/wp\/v2\/pages\/177\/revisions"}],"predecessor-version":[{"id":322,"href":"https:\/\/www.asiacapita-invest.com\/fr\/wp-json\/wp\/v2\/pages\/177\/revisions\/322"}],"up":[{"embeddable":true,"href":"https:\/\/www.asiacapita-invest.com\/fr\/wp-json\/wp\/v2\/pages\/135"}],"wp:featuredmedia":[{"embeddable":true,"href":"https:\/\/www.asiacapita-invest.com\/fr\/wp-json\/wp\/v2\/media\/92"}],"wp:attachment":[{"href":"https:\/\/www.asiacapita-invest.com\/fr\/wp-json\/wp\/v2\/media?parent=177"}],"curies":[{"name":"wp","href":"https:\/\/api.w.org\/{rel}","templated":true}]}}