{"id":161,"date":"2015-08-18T11:37:15","date_gmt":"2015-08-18T09:37:15","guid":{"rendered":"http:\/\/www.asiacapita.com\/?page_id=161"},"modified":"2015-12-21T16:07:09","modified_gmt":"2015-12-21T15:07:09","slug":"our-expertise-with-global-presence","status":"publish","type":"page","link":"https:\/\/www.asiacapita-invest.com\/fr\/invest-with-us\/our-expertise-with-global-presence\/","title":{"rendered":"Notre expertise \u00e0 l&rsquo;international"},"content":{"rendered":"<p>Nous vous aiderons de facon syst\u00e9matique et m\u00e9thodique pour d\u00e9cider ensemble des meilleures directions. Nous sommes l\u00e0 o\u00f9 vous \u00eates et vivons l\u00e0 o\u00f9 vous vivez, nous sommes \u00e0 votre \u00e9coute pour comprendre au mieux vos besoins.<\/p>\n<p>Vous voulez quelqu\u2019un proche de vous pour discuter de vos investissements immobiliers, pour suivre les progr\u00e8s de votre portefolio ou juste prendre un caf\u00e9 pour discuter des derni\u00e8res tendances du march\u00e9, contactez nous, nous sommes pr\u00e9sents dans de nombreuses capitales et voyageons r\u00e9guli\u00e8rement.<\/p>\n<p>Nos partenaires locaux sont sp\u00e9cialis\u00e9s dans les questions de taxations locales et internationals pour l\u2019 immobilier et pourrons vous fournir toutes les informations n\u00e9cessaires pour r\u00e9aliser votre projet dans les meilleures conditions et sans difficult\u00e9s.<\/p>","protected":false},"excerpt":{"rendered":"<p>Nous vous aiderons de facon syst\u00e9matique et m\u00e9thodique pour d\u00e9cider ensemble des meilleures directions. Nous sommes l\u00e0 o\u00f9 vous \u00eates et vivons l\u00e0 o\u00f9 vous vivez, nous sommes \u00e0 votre \u00e9coute pour comprendre au mieux vos besoins. Vous voulez quelqu\u2019un proche de vous pour discuter de vos investissements immobiliers, pour suivre les progr\u00e8s de votre portefolio ou juste prendre un caf\u00e9 pour discuter des derni\u00e8res tendances du march\u00e9, contactez nous, nous sommes pr\u00e9sents dans de nombreuses capitales et voyageons r\u00e9guli\u00e8rement. Nos partenaires locaux sont sp\u00e9cialis\u00e9s dans les questions de taxations locales et internationals pour l\u2019 immobilier et pourrons vous fournir toutes les informations n\u00e9cessaires pour r\u00e9aliser votre projet dans les meilleures conditions et sans difficult\u00e9s.<\/p>\n","protected":false},"author":1,"featured_media":341,"parent":102,"menu_order":0,"comment_status":"closed","ping_status":"closed","template":"page-fullwidth.php","meta":{"footnotes":""},"class_list":["post-161","page","type-page","status-publish","has-post-thumbnail","hentry"],"_links":{"self":[{"href":"https:\/\/www.asiacapita-invest.com\/fr\/wp-json\/wp\/v2\/pages\/161","targetHints":{"allow":["GET"]}}],"collection":[{"href":"https:\/\/www.asiacapita-invest.com\/fr\/wp-json\/wp\/v2\/pages"}],"about":[{"href":"https:\/\/www.asiacapita-invest.com\/fr\/wp-json\/wp\/v2\/types\/page"}],"author":[{"embeddable":true,"href":"https:\/\/www.asiacapita-invest.com\/fr\/wp-json\/wp\/v2\/users\/1"}],"replies":[{"embeddable":true,"href":"https:\/\/www.asiacapita-invest.com\/fr\/wp-json\/wp\/v2\/comments?post=161"}],"version-history":[{"count":7,"href":"https:\/\/www.asiacapita-invest.com\/fr\/wp-json\/wp\/v2\/pages\/161\/revisions"}],"predecessor-version":[{"id":338,"href":"https:\/\/www.asiacapita-invest.com\/fr\/wp-json\/wp\/v2\/pages\/161\/revisions\/338"}],"up":[{"embeddable":true,"href":"https:\/\/www.asiacapita-invest.com\/fr\/wp-json\/wp\/v2\/pages\/102"}],"wp:featuredmedia":[{"embeddable":true,"href":"https:\/\/www.asiacapita-invest.com\/fr\/wp-json\/wp\/v2\/media\/341"}],"wp:attachment":[{"href":"https:\/\/www.asiacapita-invest.com\/fr\/wp-json\/wp\/v2\/media?parent=161"}],"curies":[{"name":"wp","href":"https:\/\/api.w.org\/{rel}","templated":true}]}}