{"id":150,"date":"2015-08-18T11:15:51","date_gmt":"2015-08-18T09:15:51","guid":{"rendered":"http:\/\/www.asiacapita.com\/?page_id=150"},"modified":"2015-12-21T16:06:36","modified_gmt":"2015-12-21T15:06:36","slug":"why-international-investment","status":"publish","type":"page","link":"https:\/\/www.asiacapita-invest.com\/fr\/the-french-riviera-market-is-international\/why-international-investment\/","title":{"rendered":"Pourquoi choisir un investissement \u00e0 l&rsquo;international"},"content":{"rendered":"<p>En choisissant de diversifier vos investissements, vous serez \u00e0 m\u00eame d\u2019 avoir un portefeuille solide, resistant aux fluctuations \u00e9conomiques. La diversification des actifs est une cl\u00e9 du succ\u00e8s.<\/p>\n<p>Avec un apport de seulement 10%, il est [ossible dans certaines conditions d\u2019utiliser les banques grace \u00e0 des conditions avantageuses pr\u00e9-n\u00e9goci\u00e9es afin d\u2019avoir un meilleur retour sur investissement.<\/p>\n<p>La stabilit\u00e9 politique et la protection de la propri\u00e9t\u00e9 priv\u00e9e qui est fondamentale en droit font de la France un territoir s\u00fbr pour investir dans l\u2019immobilier.<br \/>\n<\/p>","protected":false},"excerpt":{"rendered":"<p>En choisissant de diversifier vos investissements, vous serez \u00e0 m\u00eame d\u2019 avoir un portefeuille solide, resistant aux fluctuations \u00e9conomiques. La diversification des actifs est une cl\u00e9 du succ\u00e8s. Avec un apport de seulement 10%, il est [ossible dans certaines conditions d\u2019utiliser les banques grace \u00e0 des conditions avantageuses pr\u00e9-n\u00e9goci\u00e9es afin d\u2019avoir un meilleur retour sur investissement. La stabilit\u00e9 politique et la protection de la propri\u00e9t\u00e9 priv\u00e9e qui est fondamentale en droit font de la France un territoir s\u00fbr pour investir dans l\u2019immobilier.<\/p>\n","protected":false},"author":1,"featured_media":340,"parent":135,"menu_order":0,"comment_status":"closed","ping_status":"closed","template":"page-fullwidth.php","meta":{"footnotes":""},"class_list":["post-150","page","type-page","status-publish","has-post-thumbnail","hentry"],"_links":{"self":[{"href":"https:\/\/www.asiacapita-invest.com\/fr\/wp-json\/wp\/v2\/pages\/150","targetHints":{"allow":["GET"]}}],"collection":[{"href":"https:\/\/www.asiacapita-invest.com\/fr\/wp-json\/wp\/v2\/pages"}],"about":[{"href":"https:\/\/www.asiacapita-invest.com\/fr\/wp-json\/wp\/v2\/types\/page"}],"author":[{"embeddable":true,"href":"https:\/\/www.asiacapita-invest.com\/fr\/wp-json\/wp\/v2\/users\/1"}],"replies":[{"embeddable":true,"href":"https:\/\/www.asiacapita-invest.com\/fr\/wp-json\/wp\/v2\/comments?post=150"}],"version-history":[{"count":6,"href":"https:\/\/www.asiacapita-invest.com\/fr\/wp-json\/wp\/v2\/pages\/150\/revisions"}],"predecessor-version":[{"id":333,"href":"https:\/\/www.asiacapita-invest.com\/fr\/wp-json\/wp\/v2\/pages\/150\/revisions\/333"}],"up":[{"embeddable":true,"href":"https:\/\/www.asiacapita-invest.com\/fr\/wp-json\/wp\/v2\/pages\/135"}],"wp:featuredmedia":[{"embeddable":true,"href":"https:\/\/www.asiacapita-invest.com\/fr\/wp-json\/wp\/v2\/media\/340"}],"wp:attachment":[{"href":"https:\/\/www.asiacapita-invest.com\/fr\/wp-json\/wp\/v2\/media?parent=150"}],"curies":[{"name":"wp","href":"https:\/\/api.w.org\/{rel}","templated":true}]}}