{"id":135,"date":"2015-08-18T11:00:20","date_gmt":"2015-08-18T09:00:20","guid":{"rendered":"http:\/\/www.asiacapita.com\/?page_id=135"},"modified":"2016-01-08T23:10:26","modified_gmt":"2016-01-08T22:10:26","slug":"the-french-riviera-market-is-international","status":"publish","type":"page","link":"https:\/\/www.asiacapita-invest.com\/fr\/the-french-riviera-market-is-international\/","title":{"rendered":"Le march\u00e9 de l&rsquo;immobilier azur\u00e9en"},"content":{"rendered":"<p>L\u2019\u00e9conomie fran\u00e7aise est diversifi\u00e9e en de nombreux secteurs. Le gouvernement a partiellement ou totallement privatis\u00e9 certaines grandes soci\u00e9t\u00e9s comme Air France, France telecom, Thal\u00e8s\u2026 et maintient une forte pr\u00e9sence dans les secteurs importants tels que l\u2019\u00e9nergie, les transports et la d\u00e9fense.<\/p>\n<p>Avec plus de 82 millions de visiteurs par an, la France est un des pays les plus visit\u00e9 au monde et maintient le troisi\u00e8me revenu touristique mondial. La France est donc attractive que ce soit pour les touristes \u00e9trangers mais \u00e9galement pour le d\u00e9veloppement \u00e9conomique.<\/p>\n<p>Les investisseurs qui choisissent la C\u00f4te d\u2019Azur, le font pour un environement attractif et une qualit\u00e9 de vie qui attirent les meilleurs talents. Ils\u00a0 s\u2019assurent \u00e9galement d\u2019une politique d\u2019investissements locaux et nationaux ouverts \u00e0 l\u2019international pour attirer de plus en plus d\u2019acteurs globaux.<\/p>\n<p>Le fort taux d\u2019occupation, de rendemment, un nombre r\u00e9gulier de transactions ajout\u00e9s \u00e0 un espace limit\u00e9 sont les caract\u00e9ristiques du <strong>succ\u00e8s de la C\u00f4te d\u2019Azur<\/strong>. Avec <strong>plus de 7% de rendemment<\/strong> le march\u00e9 de l\u2019immobilier professionel est un des plus attractif en Europe.<\/p>\n<p>11% des r\u00e9sidences secondaires en France sont situ\u00e9es sur la C\u00f4te d\u2019Azur, et ce chiffre est de 24% en ce qui concerne les r\u00e9sidences appartenant \u00e0 des \u00e9trangers.<\/p>\n<ul>\n<li style=\"text-align: justify;\"><a href=\"http:\/\/www.asiacapita-invest.com\/the-french-riviera-porperty-market\/history\/\">Historique<\/a><\/li>\n<li style=\"text-align: justify;\"><a href=\"http:\/\/www.asiacapita-invest.com\/the-french-riviera-porperty-market\/price-evolution\/\">L&rsquo;\u00e9volution des prix<\/a><\/li>\n<li style=\"text-align: justify;\"><a href=\"http:\/\/www.asiacapita-invest.com\/the-french-riviera-porperty-market\/advantages-of-the-region\/\">Les avantages de la r\u00e9gion<\/a><\/li>\n<li style=\"text-align: justify;\"><a href=\"http:\/\/www.asiacapita-invest.com\/the-french-riviera-porperty-market\/why-international-investment\/\">Pourquoi choisir un investissement \u00e0 l&rsquo;international<\/a><\/li>\n<\/ul>\n<p><\/p>","protected":false},"excerpt":{"rendered":"<p>L\u2019\u00e9conomie fran\u00e7aise est diversifi\u00e9e en de nombreux secteurs. Le gouvernement a partiellement ou totallement privatis\u00e9 certaines grandes soci\u00e9t\u00e9s comme Air France, France telecom, Thal\u00e8s\u2026 et maintient une forte pr\u00e9sence dans les secteurs importants tels que l\u2019\u00e9nergie, les transports et la d\u00e9fense. Avec plus de 82 millions de visiteurs par an, la France est un des pays les plus visit\u00e9 au monde et maintient le troisi\u00e8me revenu touristique mondial. La France est donc attractive que ce soit pour les touristes \u00e9trangers mais \u00e9galement pour le d\u00e9veloppement \u00e9conomique. Les investisseurs qui choisissent la C\u00f4te d\u2019Azur, le font pour un environement attractif et une qualit\u00e9 de vie qui attirent les meilleurs talents. Ils\u00a0 s\u2019assurent \u00e9galement d\u2019une politique d\u2019investissements locaux et nationaux ouverts \u00e0 l\u2019international pour attirer de plus en plus d\u2019acteurs globaux. Le fort taux d\u2019occupation, de rendemment, un nombre r\u00e9gulier de transactions ajout\u00e9s \u00e0 un espace limit\u00e9 sont les caract\u00e9ristiques du succ\u00e8s de la C\u00f4te d\u2019Azur. Avec plus de 7% de rendemment le march\u00e9 de l\u2019immobilier professionel est un des plus attractif en Europe. 11% des r\u00e9sidences secondaires en France sont situ\u00e9es sur la C\u00f4te d\u2019Azur, et ce chiffre est de 24% en ce qui concerne les r\u00e9sidences appartenant \u00e0 des \u00e9trangers. [&hellip;]<\/p>\n","protected":false},"author":1,"featured_media":342,"parent":0,"menu_order":1,"comment_status":"closed","ping_status":"closed","template":"page-fullwidth.php","meta":{"footnotes":""},"class_list":["post-135","page","type-page","status-publish","has-post-thumbnail","hentry"],"_links":{"self":[{"href":"https:\/\/www.asiacapita-invest.com\/fr\/wp-json\/wp\/v2\/pages\/135","targetHints":{"allow":["GET"]}}],"collection":[{"href":"https:\/\/www.asiacapita-invest.com\/fr\/wp-json\/wp\/v2\/pages"}],"about":[{"href":"https:\/\/www.asiacapita-invest.com\/fr\/wp-json\/wp\/v2\/types\/page"}],"author":[{"embeddable":true,"href":"https:\/\/www.asiacapita-invest.com\/fr\/wp-json\/wp\/v2\/users\/1"}],"replies":[{"embeddable":true,"href":"https:\/\/www.asiacapita-invest.com\/fr\/wp-json\/wp\/v2\/comments?post=135"}],"version-history":[{"count":17,"href":"https:\/\/www.asiacapita-invest.com\/fr\/wp-json\/wp\/v2\/pages\/135\/revisions"}],"predecessor-version":[{"id":362,"href":"https:\/\/www.asiacapita-invest.com\/fr\/wp-json\/wp\/v2\/pages\/135\/revisions\/362"}],"wp:featuredmedia":[{"embeddable":true,"href":"https:\/\/www.asiacapita-invest.com\/fr\/wp-json\/wp\/v2\/media\/342"}],"wp:attachment":[{"href":"https:\/\/www.asiacapita-invest.com\/fr\/wp-json\/wp\/v2\/media?parent=135"}],"curies":[{"name":"wp","href":"https:\/\/api.w.org\/{rel}","templated":true}]}}